{"id":621,"date":"2016-02-25T16:01:59","date_gmt":"2016-02-25T16:01:59","guid":{"rendered":"https:\/\/17b70a5cdb.testurl.ws\/?page_id=621"},"modified":"2019-05-30T14:02:30","modified_gmt":"2019-05-30T12:02:30","slug":"free-word","status":"publish","type":"page","link":"https:\/\/www.free-word.org\/el\/free-word\/","title":{"rendered":"Free Word"},"content":{"rendered":"<p>Free-word.org est une collection de dictionnaires de langues consultables gratuitement en ligne depuis le 1er mars 2011.<\/p>\n<p>Liens directs vers les dictionnaires:<\/p>\n<p>Fran\u00e7ais &#8211; <a href=\"\/c\/mini-dictionnaire-francais-grec-rosgovas\/\">MINI Dictionnaire fran\u00e7ais-grec Rosgovas<\/a><br \/>\nGrec &#8211; <a href=\"\/c\/mini-dictionnaire-grec-francais-rosgovas\/\">MINI Dictionnaire grec-fran\u00e7ais Rosgovas<\/a><\/p>\n<p>Dictionnaires Fran\u00e7ais-Grec et Grec-Fran\u00e7ais<\/p>\n<p>Le dictionnaire Rosgovas est le <a href=\"https:\/\/www.rosgovas.com\">dictionnaire Fran\u00e7ais-Grec Grec-Fran\u00e7ais de r\u00e9f\u00e9rence<\/a>. Son auteur a gracieusement accept\u00e9 de mettre \u00e0 votre disposition gratuitement une version simplifi\u00e9e du dictionnaire regroupant plus de 30 000 mots.<\/p>\n<p>Fran\u00e7ais-Arabe &#8211; <a href=\"\/c\/dictionnaire-francais-arabe\/\">Dictionnaire Fran\u00e7ais-Arabe<\/a><br \/>\nAllemand-Anglais &#8211; <a href=\"\/c\/dictionnaire-allemand-anglais\/\">Dictionnaire Allemand-Anglais<\/a><br \/>\nAnglais-Arabe &#8211; <a href=\"\/c\/dictionnaire-anglais-arabe\/\">Dictionnaire Anglais-Arabe<\/a><br \/>\nAnglais-Allemand &#8211; <a href=\"\/c\/dictionnaire-anglais-allemand\/\">Dictionnaire Anglais-Allemand<\/a><br \/>\nAnglais-Espagnol &#8211; <a href=\"\/c\/dictionnaire-anglais-espagnol\/\">Dictionnaire Anglais-Espagnol<\/a><br \/>\nEspagnol-Anglais &#8211; <a href=\"\/c\/dictionnaire-espagnol-anglais\/\">Dictionnaire Espagnol-Anglais<\/a><br \/>\nFran\u00e7ais-Anglais &#8211; <a href=\"\/c\/dictionnaire-francais-anglais\/\">Dictionnaire Fran\u00e7ais-Anglais<\/a><br \/>\nSu\u00e9dois-Anglais &#8211; <a href=\"\/c\/dictionnaire-suedois-anglais\/\">Dictionnaire Su\u00e9dois-Anglais<\/a><\/p>\n<p>De nouveaux dictionnaires gratuits \u00e0 venir r\u00e9guli\u00e8rement !<\/p>\n","protected":false},"excerpt":{"rendered":"<p>Free-word.org est une collection de dictionnaires de langues consultables gratuitement en ligne depuis le 1er mars 2011. Liens directs vers les dictionnaires: Fran\u00e7ais &#8211; MINI Dictionnaire fran\u00e7ais-grec Rosgovas Grec &#8211; MINI Dictionnaire grec-fran\u00e7ais Rosgovas Dictionnaires Fran\u00e7ais-Grec et Grec-Fran\u00e7ais Le dictionnaire Rosgovas est le dictionnaire Fran\u00e7ais-Grec Grec-Fran\u00e7ais de r\u00e9f\u00e9rence. Son auteur a gracieusement accept\u00e9 de mettre [&hellip;]<\/p>\n","protected":false},"author":1,"featured_media":0,"parent":0,"menu_order":0,"comment_status":"closed","ping_status":"closed","template":"","meta":{"ep_exclude_from_search":false,"footnotes":""},"translation":{"provider":"WPGlobus","version":"2.12.2","language":"el","enabled_languages":["fr","el","en","es"],"languages":{"fr":{"title":true,"content":true,"excerpt":false},"el":{"title":false,"content":false,"excerpt":false},"en":{"title":false,"content":false,"excerpt":false},"es":{"title":false,"content":false,"excerpt":false}}},"yoast_head":"<!-- This site is optimized with the Yoast SEO plugin v23.0 - https:\/\/yoast.com\/wordpress\/plugins\/seo\/ -->\n<title>Free Word - \u039b\u03b5\u03be\u03b9\u03ba\u03cc \u03b4\u03c9\u03c1\u03b5\u03ac\u03bd<\/title>\n<meta name=\"robots\" content=\"index, follow, max-snippet:-1, max-image-preview:large, max-video-preview:-1\" \/>\n<link rel=\"canonical\" href=\"https:\/\/www.free-word.org\/en\/free-word\/\" \/>\n<meta property=\"og:locale\" content=\"el_GR\" \/>\n<meta property=\"og:type\" content=\"article\" \/>\n<meta property=\"og:title\" content=\"Free Word - \u039b\u03b5\u03be\u03b9\u03ba\u03cc \u03b4\u03c9\u03c1\u03b5\u03ac\u03bd\" \/>\n<meta property=\"og:url\" content=\"https:\/\/www.free-word.org\/en\/free-word\/\" \/>\n<meta property=\"og:site_name\" content=\"\u039b\u03b5\u03be\u03b9\u03ba\u03cc \u03b4\u03c9\u03c1\u03b5\u03ac\u03bd\" \/>\n<meta property=\"article:modified_time\" content=\"2019-05-30T12:02:30+00:00\" \/>\n<meta name=\"twitter:card\" content=\"summary_large_image\" \/>\n<meta name=\"twitter:label1\" content=\"\u0395\u03ba\u03c4\u03b9\u03bc\u03ce\u03bc\u03b5\u03bd\u03bf\u03c2 \u03c7\u03c1\u03cc\u03bd\u03bf\u03c2 \u03b1\u03bd\u03ac\u03b3\u03bd\u03c9\u03c3\u03b7\u03c2\" \/>\n\t<meta name=\"twitter:data1\" content=\"1 \u03bb\u03b5\u03c0\u03c4\u03cc\" \/>\n<script type=\"application\/ld+json\" class=\"yoast-schema-graph\">{\"@context\":\"https:\/\/schema.org\",\"@graph\":[{\"@type\":\"WebPage\",\"@id\":\"https:\/\/www.free-word.org\/en\/free-word\/\",\"url\":\"https:\/\/www.free-word.org\/en\/free-word\/\",\"name\":\"Free Word - \u039b\u03b5\u03be\u03b9\u03ba\u03cc \u03b4\u03c9\u03c1\u03b5\u03ac\u03bd\",\"isPartOf\":{\"@id\":\"https:\/\/www.free-word.org\/#website\"},\"datePublished\":\"2016-02-25T16:01:59+00:00\",\"dateModified\":\"2019-05-30T12:02:30+00:00\",\"description\":\"Free-word.org est une collection de dictionnaires de langues consultables gratuitement en ligne depuis le 1er mars 2011. Liens directs vers les - \u0394\u03c9\u03c1\u03b5\u03ac\u03bd \u03b4\u03af\u03b3\u03bb\u03c9\u03c3\u03c3\u03b1 \u03bb\u03b5\u03be\u03b9\u03ba\u03ac \/ \u039c\u03b5\u03c4\u03ac\u03c6\u03c1\u03b1\u03c3\u03b7\",\"inLanguage\":\"el\",\"potentialAction\":[{\"@type\":\"ReadAction\",\"target\":[\"https:\/\/www.free-word.org\/en\/free-word\/\"]}]},{\"@type\":\"WebSite\",\"@id\":\"https:\/\/www.free-word.org\/#website\",\"url\":\"https:\/\/www.free-word.org\/\",\"name\":\"\u039b\u03b5\u03be\u03b9\u03ba\u03cc \u03b4\u03c9\u03c1\u03b5\u03ac\u03bd\",\"description\":\"\u0394\u03c9\u03c1\u03b5\u03ac\u03bd \u03b4\u03af\u03b3\u03bb\u03c9\u03c3\u03c3\u03b1 \u03bb\u03b5\u03be\u03b9\u03ba\u03ac \/ \u039c\u03b5\u03c4\u03ac\u03c6\u03c1\u03b1\u03c3\u03b7\",\"publisher\":{\"@id\":\"https:\/\/www.free-word.org\/#organization\"},\"potentialAction\":[{\"@type\":\"SearchAction\",\"target\":{\"@type\":\"EntryPoint\",\"urlTemplate\":\"https:\/\/www.free-word.org\/?s={search_term_string}\"},\"query-input\":\"required name=search_term_string\"}],\"inLanguage\":\"el\"},{\"@type\":\"Organization\",\"@id\":\"https:\/\/www.free-word.org\/#organization\",\"name\":\"Free Word\",\"url\":\"https:\/\/www.free-word.org\/\",\"logo\":{\"@type\":\"ImageObject\",\"inLanguage\":\"el\",\"@id\":\"https:\/\/www.free-word.org\/#\/schema\/logo\/image\/\",\"url\":\"https:\/\/www.free-word.org\/wp-content\/uploads\/sites\/2\/2016\/02\/freeword-icon-1.png\",\"contentUrl\":\"https:\/\/www.free-word.org\/wp-content\/uploads\/sites\/2\/2016\/02\/freeword-icon-1.png\",\"width\":512,\"height\":512,\"caption\":\"Free Word\"},\"image\":{\"@id\":\"https:\/\/www.free-word.org\/#\/schema\/logo\/image\/\"}}]}<\/script>\n<!-- \/ Yoast SEO plugin. -->","yoast_head_json":{"title":"Free Word - \u039b\u03b5\u03be\u03b9\u03ba\u03cc \u03b4\u03c9\u03c1\u03b5\u03ac\u03bd","robots":{"index":"index","follow":"follow","max-snippet":"max-snippet:-1","max-image-preview":"max-image-preview:large","max-video-preview":"max-video-preview:-1"},"canonical":"https:\/\/www.free-word.org\/en\/free-word\/","og_locale":"el_GR","og_type":"article","og_title":"Free Word - \u039b\u03b5\u03be\u03b9\u03ba\u03cc \u03b4\u03c9\u03c1\u03b5\u03ac\u03bd","og_url":"https:\/\/www.free-word.org\/en\/free-word\/","og_site_name":"\u039b\u03b5\u03be\u03b9\u03ba\u03cc \u03b4\u03c9\u03c1\u03b5\u03ac\u03bd","article_modified_time":"2019-05-30T12:02:30+00:00","twitter_card":"summary_large_image","twitter_misc":{"\u0395\u03ba\u03c4\u03b9\u03bc\u03ce\u03bc\u03b5\u03bd\u03bf\u03c2 \u03c7\u03c1\u03cc\u03bd\u03bf\u03c2 \u03b1\u03bd\u03ac\u03b3\u03bd\u03c9\u03c3\u03b7\u03c2":"1 \u03bb\u03b5\u03c0\u03c4\u03cc"},"schema":{"@context":"https:\/\/schema.org","@graph":[{"@type":"WebPage","@id":"https:\/\/www.free-word.org\/en\/free-word\/","url":"https:\/\/www.free-word.org\/en\/free-word\/","name":"Free Word - \u039b\u03b5\u03be\u03b9\u03ba\u03cc \u03b4\u03c9\u03c1\u03b5\u03ac\u03bd","isPartOf":{"@id":"https:\/\/www.free-word.org\/#website"},"datePublished":"2016-02-25T16:01:59+00:00","dateModified":"2019-05-30T12:02:30+00:00","description":"Free-word.org est une collection de dictionnaires de langues consultables gratuitement en ligne depuis le 1er mars 2011. Liens directs vers les - \u0394\u03c9\u03c1\u03b5\u03ac\u03bd \u03b4\u03af\u03b3\u03bb\u03c9\u03c3\u03c3\u03b1 \u03bb\u03b5\u03be\u03b9\u03ba\u03ac \/ \u039c\u03b5\u03c4\u03ac\u03c6\u03c1\u03b1\u03c3\u03b7","inLanguage":"el","potentialAction":[{"@type":"ReadAction","target":["https:\/\/www.free-word.org\/en\/free-word\/"]}]},{"@type":"WebSite","@id":"https:\/\/www.free-word.org\/#website","url":"https:\/\/www.free-word.org\/","name":"\u039b\u03b5\u03be\u03b9\u03ba\u03cc \u03b4\u03c9\u03c1\u03b5\u03ac\u03bd","description":"\u0394\u03c9\u03c1\u03b5\u03ac\u03bd \u03b4\u03af\u03b3\u03bb\u03c9\u03c3\u03c3\u03b1 \u03bb\u03b5\u03be\u03b9\u03ba\u03ac \/ \u039c\u03b5\u03c4\u03ac\u03c6\u03c1\u03b1\u03c3\u03b7","publisher":{"@id":"https:\/\/www.free-word.org\/#organization"},"potentialAction":[{"@type":"SearchAction","target":{"@type":"EntryPoint","urlTemplate":"https:\/\/www.free-word.org\/?s={search_term_string}"},"query-input":"required name=search_term_string"}],"inLanguage":"el"},{"@type":"Organization","@id":"https:\/\/www.free-word.org\/#organization","name":"Free Word","url":"https:\/\/www.free-word.org\/","logo":{"@type":"ImageObject","inLanguage":"el","@id":"https:\/\/www.free-word.org\/#\/schema\/logo\/image\/","url":"https:\/\/www.free-word.org\/wp-content\/uploads\/sites\/2\/2016\/02\/freeword-icon-1.png","contentUrl":"https:\/\/www.free-word.org\/wp-content\/uploads\/sites\/2\/2016\/02\/freeword-icon-1.png","width":512,"height":512,"caption":"Free Word"},"image":{"@id":"https:\/\/www.free-word.org\/#\/schema\/logo\/image\/"}}]}},"_links":{"self":[{"href":"https:\/\/www.free-word.org\/el\/wp-json\/wp\/v2\/pages\/621"}],"collection":[{"href":"https:\/\/www.free-word.org\/el\/wp-json\/wp\/v2\/pages"}],"about":[{"href":"https:\/\/www.free-word.org\/el\/wp-json\/wp\/v2\/types\/page"}],"author":[{"embeddable":true,"href":"https:\/\/www.free-word.org\/el\/wp-json\/wp\/v2\/users\/1"}],"replies":[{"embeddable":true,"href":"https:\/\/www.free-word.org\/el\/wp-json\/wp\/v2\/comments?post=621"}],"version-history":[{"count":2,"href":"https:\/\/www.free-word.org\/el\/wp-json\/wp\/v2\/pages\/621\/revisions"}],"predecessor-version":[{"id":335682,"href":"https:\/\/www.free-word.org\/el\/wp-json\/wp\/v2\/pages\/621\/revisions\/335682"}],"wp:attachment":[{"href":"https:\/\/www.free-word.org\/el\/wp-json\/wp\/v2\/media?parent=621"}],"curies":[{"name":"wp","href":"https:\/\/api.w.org\/{rel}","templated":true}]}}